{"id":209,"date":"2014-07-31T23:28:47","date_gmt":"2014-08-01T04:28:47","guid":{"rendered":"http:\/\/themes.apex-test.dev\/?page_id=206"},"modified":"2015-11-17T18:26:07","modified_gmt":"2015-11-17T17:26:07","slug":"clientes","status":"publish","type":"page","link":"https:\/\/heseconsulting.com\/en\/clientes\/","title":{"rendered":"Clientes"},"content":{"rendered":"<style><!--\r\n<!--\r\n<!--\r\n    .iconcomillas {\r\n        width:100%;\r\n        text-align:center;\r\n        margin-top:75px;\r\n    }\r\n    .apex-dnt-posts-quote-thumb, .apex-icon-quotes {\r\n        display:none !important;\r\n    }\r\n    .mtphr-dnt-posts-content p, h4.mtphr-dnt-posts-title {\r\n        color: #e53737;\r\n    }\r\n    h4.mtphr-dnt-posts-title {\r\n    font-style: italic !important;\r\n    }\r\n    .mtphr-dnt-posts-content p {\r\n    font-size:24px;\r\n    }\r\n    .mtphr-dnt-posts-content {\r\n    line-height: 36px !important; \r\n    margin: 40px 19% 0 19% !important;\r\n    }\r\n    .mtphr-rotator-footer a:hover i, .mtphr-rotator-footer a:hover, .no-touch a:hover {\r\n        color: #e53737;\r\n        border-color: #e53737; \r\n    }\r\n    .mtphr-dnt .mtphr-dnt-nav {\r\n        -webkit-border-radius: 0px !important;\r\n        -moz-border-radius: 0px !important;\r\n        border-radius: 0px !important;\r\n    }\r\n.mtphr-rotator-footer i {\r\n       line-height: 24px;\r\n       color: #e53737;\r\n}\r\n.mtphr-rotator-footer i:hover {\r\n      color: #1c1c1c !important\r\n}\r\n.mtphr-dnt .mtphr-dnt-nav {\r\n    border: 2px solid #e53737;\r\n}\r\n.mtphr-dnt .mtphr-dnt-nav:hover {\r\n    border: 2px solid #1c1c1c !important;\r\n}\r\n#apex-page-209 {\r\npadding-bottom: 85px;\r\n}\r\n@media (max-width: 767px) {\r\n.wp-image-257 {\r\nmax-height: 130px;\r\n}\r\n.mtphr-shortcodes-grid2 > p {\r\nmargin: 0 !important;\r\n}\r\n}\r\n--><\/p>\r\n<p>--><\/style>\r\n<div id=\"clientes\" class=\"fakeanchor\"><\/div>\r\n<h1 class=\"tituloseccion\">Clients<\/h1>\r\n<p><div class=\"mtphr-shortcodes-row-responsive\"><div class=\"mtphr-shortcodes-grid2\"><p>\n<img loading=\"lazy\" decoding=\"async\" class=\"aligncenter size-full wp-image-257 clienticon2\" src=\"http:\/\/heseconsulting.com\/wp-content\/uploads\/2015\/10\/bosch.png\" alt=\"Bosch\" width=\"270\" height=\"124\" \/><\/p><\/div><div class=\"mtphr-shortcodes-grid2\"><p>\n<img loading=\"lazy\" decoding=\"async\" class=\"aligncenter size-full wp-image-257 clienticon3\" src=\"http:\/\/heseconsulting.com\/wp-content\/uploads\/2015\/10\/sca.png\" alt=\"SCA\" width=\"270\" height=\"124\" \/><\/p><\/div><div class=\"mtphr-shortcodes-grid2\"><p>\n<img loading=\"lazy\" decoding=\"async\" class=\"aligncenter size-full wp-image-257 clienticon1\" src=\"http:\/\/heseconsulting.com\/wp-content\/uploads\/2015\/10\/tempo.png\" alt=\"Tempo\" width=\"270\" height=\"124\" \/><\/p><\/div><div class=\"mtphr-shortcodes-grid2\"><p>\n<img loading=\"lazy\" decoding=\"async\" class=\"aligncenter size-full wp-image-257 clienticon6\" src=\"http:\/\/heseconsulting.com\/wp-content\/uploads\/2015\/10\/tena.png\" alt=\"Tena\" width=\"270\" height=\"124\" \/><\/p><\/div><br \/>\r\n<div class=\"mtphr-shortcodes-grid2\"><p>\n<img loading=\"lazy\" decoding=\"async\" class=\"aligncenter size-full wp-image-257 clienticon4\" src=\"http:\/\/heseconsulting.com\/wp-content\/uploads\/2015\/10\/tader.png\" alt=\"Grupo Taper\" width=\"270\" height=\"124\" \/><\/p><\/div><div class=\"mtphr-shortcodes-grid2\"><p>\n<img loading=\"lazy\" decoding=\"async\" class=\"aligncenter size-full wp-image-257 clienticon5\" src=\"http:\/\/heseconsulting.com\/wp-content\/uploads\/2015\/10\/endesa.png\" alt=\"Endesa\" width=\"270\" height=\"124\" \/><\/p><\/div><\/div><br \/>\r\n<div class=\"mtphr-shortcodes-row-responsive\"><div class=\"mtphr-shortcodes-grid2\"><p>\n<img loading=\"lazy\" decoding=\"async\" class=\"aligncenter size-full wp-image-257 clienticon7\" src=\"http:\/\/heseconsulting.com\/wp-content\/uploads\/2015\/10\/compass.png\" alt=\"Compass\" width=\"270\" height=\"124\" \/><\/p><\/div><div class=\"mtphr-shortcodes-grid2\"><p>\n<img loading=\"lazy\" decoding=\"async\" class=\"aligncenter size-full wp-image-257 clienticon11\" src=\"http:\/\/heseconsulting.com\/wp-content\/uploads\/2015\/10\/eurest.png\" alt=\"Eurest\" width=\"270\" height=\"124\" \/><\/p><\/div><div class=\"mtphr-shortcodes-grid2\"><p>\n<img loading=\"lazy\" decoding=\"async\" class=\"aligncenter size-full wp-image-257 clienticon9\" src=\"http:\/\/heseconsulting.com\/wp-content\/uploads\/2015\/10\/lamigraf.png\" alt=\"Lamigraf\" width=\"270\" height=\"124\" \/><\/p><\/div><div class=\"mtphr-shortcodes-grid2\"><p>\n<img loading=\"lazy\" decoding=\"async\" class=\"aligncenter size-full wp-image-257 clienticon10\" src=\"http:\/\/heseconsulting.com\/wp-content\/uploads\/2015\/10\/teleperformance.png\" alt=\"Teleperformance\" width=\"270\" height=\"124\" \/><\/p><\/div><div class=\"mtphr-shortcodes-grid2\"><p>\n<img loading=\"lazy\" decoding=\"async\" class=\"aligncenter size-full wp-image-257 clienticon8\" src=\"http:\/\/heseconsulting.com\/wp-content\/uploads\/2015\/10\/alsa.png\" alt=\"Alsa\" width=\"270\" height=\"124\" \/><\/p><\/div><div class=\"mtphr-shortcodes-grid2\"><p>\n<img loading=\"lazy\" decoding=\"async\" class=\"aligncenter size-full wp-image-257 clienticon12\" src=\"http:\/\/heseconsulting.com\/wp-content\/uploads\/2015\/10\/beniplast.png\" alt=\"Beniplast\" width=\"270\" height=\"124\" \/><\/p><\/div><\/div><br \/>\r\n<div class=\"mtphr-shortcodes-row-responsive\"><div class=\"mtphr-shortcodes-grid2\"><p>\n<img loading=\"lazy\" decoding=\"async\" class=\"aligncenter size-full wp-image-257 clienticon13\" src=\"http:\/\/heseconsulting.com\/wp-content\/uploads\/2015\/10\/varma.png\" alt=\"Varma\" width=\"270\" height=\"124\" \/><\/p><\/div><div class=\"mtphr-shortcodes-grid2\"><p>\n<img loading=\"lazy\" decoding=\"async\" class=\"aligncenter size-full wp-image-257 clienticon17\" src=\"http:\/\/heseconsulting.com\/wp-content\/uploads\/2015\/10\/barcelo.png\" alt=\"Ron Barcel\u00f3\" width=\"270\" height=\"124\" \/><\/p><\/div><div class=\"mtphr-shortcodes-grid2\"><p>\n<img loading=\"lazy\" decoding=\"async\" class=\"aligncenter size-full wp-image-257 clienticon15\" src=\"http:\/\/heseconsulting.com\/wp-content\/uploads\/2015\/10\/marques.png\" alt=\"Marq\u00faes de vargas\" width=\"270\" height=\"124\" \/><\/p><\/div><div class=\"mtphr-shortcodes-grid2\"><p>\n<img loading=\"lazy\" decoding=\"async\" class=\"aligncenter size-full wp-image-257 clienticon16\" src=\"http:\/\/heseconsulting.com\/wp-content\/uploads\/2015\/10\/licuas.png\" alt=\"Licuas\" width=\"270\" height=\"124\" \/><\/p><\/div><div class=\"mtphr-shortcodes-grid2\"><p>\n<img loading=\"lazy\" decoding=\"async\" class=\"aligncenter size-full wp-image-257 clienticon14\" src=\"http:\/\/heseconsulting.com\/wp-content\/uploads\/2015\/10\/monto.png\" alt=\"Monto\" width=\"270\" height=\"124\" \/><\/p><\/div><div class=\"mtphr-shortcodes-grid2\"><p>\n<img loading=\"lazy\" decoding=\"async\" class=\"aligncenter size-full wp-image-257 clienticon18\" src=\"http:\/\/heseconsulting.com\/wp-content\/uploads\/2015\/10\/redur.png\" alt=\"Redur\" width=\"270\" height=\"124\" \/><\/p><\/div><\/div><\/p>\r\n<div class=\"iconcomillas\">\r\n<img decoding=\"async\" src=\"http:\/\/heseconsulting.com\/wp-content\/uploads\/2015\/10\/iconcomillas.png\" \/>\r\n<\/div>\r\n<p><div id=\"mtphr-dnt-202\" class=\"mtphr-dnt mtphr-dnt-202 mtphr-dnt-posts mtphr-dnt-rotate mtphr-dnt-rotate-slide_left\"><div class=\"mtphr-dnt-wrapper mtphr-dnt-clearfix\"><div class=\"mtphr-dnt-tick-container\"><div class=\"mtphr-dnt-tick-contents\"><div class=\"mtphr-dnt-tick mtphr-dnt-posts-tick mtphr-dnt-clearfix \"><div class=\"mtphr-dnt-post mtphr-dnt-post-196 mtphr-dnt-post-type-post mtphr-dnt-post-format-quote mtphr-dnt-post-category-client-quotes mtphr-dnt-post-category-quote mtphr-dnt-post-post_tag-media mtphr-dnt-post-post_tag-photography mtphr-dnt-post-post_format-post-format-quote\"><span class=\"apex-dnt-posts-quote-thumb\"><i class=\"apex-icon-quotes\"><\/i><\/span><div class=\"mtphr-dnt-posts-content\"><p>Excellent efforts to restructure the organization to enhance the operability and productivity of the company. They have provided practical and objective solutions dramatically improving productivity.<\/p><\/div><h4 class=\"mtphr-dnt-posts-title\">President, Teleperformance<\/h4><\/div><\/div><div class=\"mtphr-dnt-tick mtphr-dnt-posts-tick mtphr-dnt-clearfix \"><div class=\"mtphr-dnt-post mtphr-dnt-post-197 mtphr-dnt-post-type-post mtphr-dnt-post-format-quote mtphr-dnt-post-category-client-quotes mtphr-dnt-post-category-quote mtphr-dnt-post-post_tag-design mtphr-dnt-post-post_tag-media mtphr-dnt-post-post_format-post-format-quote\"><span class=\"apex-dnt-posts-quote-thumb\"><i class=\"apex-icon-quotes\"><\/i><\/span><div class=\"mtphr-dnt-posts-content\"><p>With harmony and patience, without creating tensions, they have optimized the process of performing internal controls. We confirm that HESE is an excellent choice for analyzing and designing processes of continuous improvement.<\/p><\/div><h4 class=\"mtphr-dnt-posts-title\">Quality Management Program Manager, Robert Bosch<\/h4><\/div><\/div><div class=\"mtphr-dnt-tick mtphr-dnt-posts-tick mtphr-dnt-clearfix \"><div class=\"mtphr-dnt-post mtphr-dnt-post-198 mtphr-dnt-post-type-post mtphr-dnt-post-format-quote mtphr-dnt-post-category-client-quotes mtphr-dnt-post-category-quote mtphr-dnt-post-post_format-post-format-quote\"><span class=\"apex-dnt-posts-quote-thumb\"><i class=\"apex-icon-quotes\"><\/i><\/span><div class=\"mtphr-dnt-posts-content\"><p>My congratulations because you earned the trust of our employees and involve them 100% in developing a new model of Commercial Organization for our growth plan.<\/p><\/div><h4 class=\"mtphr-dnt-posts-title\">Managing Director, Eurest<\/h4><\/div><\/div><div class=\"mtphr-dnt-tick mtphr-dnt-posts-tick mtphr-dnt-clearfix \"><div class=\"mtphr-dnt-post mtphr-dnt-post-642 mtphr-dnt-post-type-post mtphr-dnt-post-format-quote mtphr-dnt-post-category-client-quotes mtphr-dnt-post-category-quote mtphr-dnt-post-post_format-post-format-quote\"><span class=\"apex-dnt-posts-quote-thumb\"><i class=\"apex-icon-quotes\"><\/i><\/span><div class=\"mtphr-dnt-posts-content\"><p>Great ability to identify opportunities for improvement involving staff of the company in the analysis of the evolution of customers in the retail channel and the commercial structure for optimization.<\/p><\/div><h4 class=\"mtphr-dnt-posts-title\">Commercial Director, SCA Consumer Tissue Iberia &#038; Personal Care Retail<\/h4><\/div><\/div><div class=\"mtphr-dnt-tick mtphr-dnt-posts-tick mtphr-dnt-clearfix \"><div class=\"mtphr-dnt-post mtphr-dnt-post-645 mtphr-dnt-post-type-post mtphr-dnt-post-format-quote mtphr-dnt-post-category-client-quotes mtphr-dnt-post-category-quote mtphr-dnt-post-post_format-post-format-quote\"><span class=\"apex-dnt-posts-quote-thumb\"><i class=\"apex-icon-quotes\"><\/i><\/span><div class=\"mtphr-dnt-posts-content\"><p>Reduction in operational costs and losses and increase productivity through solutions that have not required additional investment. The return on investment in HESE has course several times its cost.<\/p><\/div><h4 class=\"mtphr-dnt-posts-title\">Managing Director, Beniplast-Benitex<\/h4><\/div><\/div><div class=\"mtphr-dnt-tick mtphr-dnt-posts-tick mtphr-dnt-clearfix \"><div class=\"mtphr-dnt-post mtphr-dnt-post-647 mtphr-dnt-post-type-post mtphr-dnt-post-format-quote mtphr-dnt-post-category-client-quotes mtphr-dnt-post-category-quote mtphr-dnt-post-post_format-post-format-quote\"><span class=\"apex-dnt-posts-quote-thumb\"><i class=\"apex-icon-quotes\"><\/i><\/span><div class=\"mtphr-dnt-posts-content\"><p>Really positive experience. They have collaborated decisively in the significant growth of our sales. Highlight their professionalism and the great ability to manage human capital.<\/p><\/div><h4 class=\"mtphr-dnt-posts-title\">President, Redur<\/h4><\/div><\/div><div class=\"mtphr-dnt-tick mtphr-dnt-posts-tick mtphr-dnt-clearfix \"><div class=\"mtphr-dnt-post mtphr-dnt-post-649 mtphr-dnt-post-type-post mtphr-dnt-post-format-quote mtphr-dnt-post-category-client-quotes mtphr-dnt-post-category-quote mtphr-dnt-post-post_format-post-format-quote\"><span class=\"apex-dnt-posts-quote-thumb\"><i class=\"apex-icon-quotes\"><\/i><\/span><div class=\"mtphr-dnt-posts-content\"><p>Optimal diagnostic work and optimization of our structure and process reengineering and manualization. We are certain to count on you in the near future.<\/p><\/div><h4 class=\"mtphr-dnt-posts-title\">Managing Director, Varma Group<\/h4><\/div><\/div><div class=\"mtphr-dnt-tick mtphr-dnt-posts-tick mtphr-dnt-clearfix \"><div class=\"mtphr-dnt-post mtphr-dnt-post-1268 mtphr-dnt-post-type-post mtphr-dnt-post-format-quote mtphr-dnt-post-category-client-quotes mtphr-dnt-post-category-quote mtphr-dnt-post-post_format-post-format-quote\"><span class=\"apex-dnt-posts-quote-thumb\"><i class=\"apex-icon-quotes\"><\/i><\/span><div class=\"mtphr-dnt-posts-content\"><p>Destacamos su profesionalidad, flexibilidad y planificaci\u00f3n. Su metodolog\u00eda genera un alto grado de involucraci\u00f3n. Agradecemos su profesionalidad, dedicaci\u00f3n y el excelente resultado conseguido.<\/p><\/div><h4 class=\"mtphr-dnt-posts-title\">Directora Automotive Aftermarket Iberia, Robert Bosch<\/h4><\/div><\/div><\/div><div class=\"mtphr-rotator-footer\"><a class=\"mtphr-dnt-nav mtphr-dnt-nav-prev\" href=\"#\" rel=\"nofollow\"><i class=\"apex-icon-arrow-left-1\"><\/i><\/a><a class=\"mtphr-dnt-nav mtphr-dnt-nav-next\" href=\"#\" rel=\"nofollow\"><i class=\"apex-icon-arrow-right-1\"><\/i><\/a><\/div><\/div><\/div><\/div><br \/>\r\n<script>\r\n\/\/Funcion autohover de los logos (epic)\r\nvar logos = document.getElementsByClassName('wp-image-257'); \r\nvar srcList = [];\r\nfor(var i = 0; i < logos.length; i++) {\r\n    srcList.push(logos[i].src);\r\n}\r\nfor (i = 0; i < srcList.length; i++) {\r\n    jQuery('img[src=\"' + srcList[i] + '\"]').hover(function(x){\r\n        return function(){\r\n            jQuery(this).attr(\"src\", srcList[x].replace(\".png\", \"hover.png\"));\r\n        };\r\n    }(i), function(y){\r\n        return function(){\r\n            jQuery(this).attr(\"src\", srcList[y]);\r\n        };\r\n}(i));\r\n}\r\n\/\/Fin funcion autohover de los logos\r\n<\/script><\/p>\r\n","protected":false},"excerpt":{"rendered":"<p>Clients<\/p>\n","protected":false},"author":1,"featured_media":0,"parent":0,"menu_order":0,"comment_status":"closed","ping_status":"open","template":"","meta":{"footnotes":""},"class_list":["post-209","page","type-page","status-publish","hentry"],"translation":{"provider":"WPGlobus","version":"2.12.2","language":"en","enabled_languages":["es","en"],"languages":{"es":{"title":true,"content":true,"excerpt":false},"en":{"title":false,"content":true,"excerpt":false}}},"yoast_head":"<!-- This site is optimized with the Yoast SEO plugin v22.9 - https:\/\/yoast.com\/wordpress\/plugins\/seo\/ -->\n<title>Clientes - Hese Consulting<\/title>\n<meta name=\"robots\" content=\"index, follow, max-snippet:-1, max-image-preview:large, max-video-preview:-1\" \/>\n<link rel=\"canonical\" href=\"http:\/\/heseconsulting.com\/en\/clientes\/\" \/>\n<meta property=\"og:locale\" content=\"en_US\" \/>\n<meta property=\"og:type\" content=\"article\" \/>\n<meta property=\"og:title\" content=\"Clientes - Hese Consulting\" \/>\n<meta property=\"og:url\" content=\"http:\/\/heseconsulting.com\/en\/clientes\/\" \/>\n<meta property=\"og:site_name\" content=\"Hese Consulting\" \/>\n<meta property=\"article:modified_time\" content=\"2015-11-17T17:26:07+00:00\" \/>\n<meta property=\"og:image\" content=\"http:\/\/heseconsulting.com\/wp-content\/uploads\/2015\/10\/bosch.png\" \/>\n<meta name=\"twitter:label1\" content=\"Est. reading time\" \/>\n\t<meta name=\"twitter:data1\" content=\"1 minute\" \/>\n<script type=\"application\/ld+json\" class=\"yoast-schema-graph\">{\"@context\":\"https:\/\/schema.org\",\"@graph\":[{\"@type\":\"WebPage\",\"@id\":\"http:\/\/heseconsulting.com\/clientes\/\",\"url\":\"http:\/\/heseconsulting.com\/clientes\/\",\"name\":\"Clientes - Hese Consulting\",\"isPartOf\":{\"@id\":\"https:\/\/heseconsulting.com\/#website\"},\"primaryImageOfPage\":{\"@id\":\"http:\/\/heseconsulting.com\/clientes\/#primaryimage\"},\"image\":{\"@id\":\"http:\/\/heseconsulting.com\/clientes\/#primaryimage\"},\"thumbnailUrl\":\"http:\/\/heseconsulting.com\/wp-content\/uploads\/2015\/10\/bosch.png\",\"datePublished\":\"2014-08-01T04:28:47+00:00\",\"dateModified\":\"2015-11-17T17:26:07+00:00\",\"breadcrumb\":{\"@id\":\"http:\/\/heseconsulting.com\/clientes\/#breadcrumb\"},\"inLanguage\":\"en-US\",\"potentialAction\":[{\"@type\":\"ReadAction\",\"target\":[\"http:\/\/heseconsulting.com\/clientes\/\"]}]},{\"@type\":\"ImageObject\",\"inLanguage\":\"en-US\",\"@id\":\"http:\/\/heseconsulting.com\/clientes\/#primaryimage\",\"url\":\"http:\/\/heseconsulting.com\/wp-content\/uploads\/2015\/10\/bosch.png\",\"contentUrl\":\"http:\/\/heseconsulting.com\/wp-content\/uploads\/2015\/10\/bosch.png\"},{\"@type\":\"BreadcrumbList\",\"@id\":\"http:\/\/heseconsulting.com\/clientes\/#breadcrumb\",\"itemListElement\":[{\"@type\":\"ListItem\",\"position\":1,\"name\":\"Home\",\"item\":\"https:\/\/heseconsulting.com\/\"},{\"@type\":\"ListItem\",\"position\":2,\"name\":\"Clientes\"}]},{\"@type\":\"WebSite\",\"@id\":\"https:\/\/heseconsulting.com\/#website\",\"url\":\"https:\/\/heseconsulting.com\/\",\"name\":\"Hese Consulting\",\"description\":\"\",\"potentialAction\":[{\"@type\":\"SearchAction\",\"target\":{\"@type\":\"EntryPoint\",\"urlTemplate\":\"https:\/\/heseconsulting.com\/?s={search_term_string}\"},\"query-input\":\"required name=search_term_string\"}],\"inLanguage\":\"en-US\"}]}<\/script>\n<!-- \/ Yoast SEO plugin. -->","yoast_head_json":{"title":"Clientes - Hese Consulting","robots":{"index":"index","follow":"follow","max-snippet":"max-snippet:-1","max-image-preview":"max-image-preview:large","max-video-preview":"max-video-preview:-1"},"canonical":"http:\/\/heseconsulting.com\/en\/clientes\/","og_locale":"en_US","og_type":"article","og_title":"Clientes - Hese Consulting","og_url":"http:\/\/heseconsulting.com\/en\/clientes\/","og_site_name":"Hese Consulting","article_modified_time":"2015-11-17T17:26:07+00:00","og_image":[{"url":"http:\/\/heseconsulting.com\/wp-content\/uploads\/2015\/10\/bosch.png"}],"twitter_misc":{"Est. reading time":"1 minute"},"schema":{"@context":"https:\/\/schema.org","@graph":[{"@type":"WebPage","@id":"http:\/\/heseconsulting.com\/clientes\/","url":"http:\/\/heseconsulting.com\/clientes\/","name":"Clientes - Hese Consulting","isPartOf":{"@id":"https:\/\/heseconsulting.com\/#website"},"primaryImageOfPage":{"@id":"http:\/\/heseconsulting.com\/clientes\/#primaryimage"},"image":{"@id":"http:\/\/heseconsulting.com\/clientes\/#primaryimage"},"thumbnailUrl":"http:\/\/heseconsulting.com\/wp-content\/uploads\/2015\/10\/bosch.png","datePublished":"2014-08-01T04:28:47+00:00","dateModified":"2015-11-17T17:26:07+00:00","breadcrumb":{"@id":"http:\/\/heseconsulting.com\/clientes\/#breadcrumb"},"inLanguage":"en-US","potentialAction":[{"@type":"ReadAction","target":["http:\/\/heseconsulting.com\/clientes\/"]}]},{"@type":"ImageObject","inLanguage":"en-US","@id":"http:\/\/heseconsulting.com\/clientes\/#primaryimage","url":"http:\/\/heseconsulting.com\/wp-content\/uploads\/2015\/10\/bosch.png","contentUrl":"http:\/\/heseconsulting.com\/wp-content\/uploads\/2015\/10\/bosch.png"},{"@type":"BreadcrumbList","@id":"http:\/\/heseconsulting.com\/clientes\/#breadcrumb","itemListElement":[{"@type":"ListItem","position":1,"name":"Home","item":"https:\/\/heseconsulting.com\/"},{"@type":"ListItem","position":2,"name":"Clientes"}]},{"@type":"WebSite","@id":"https:\/\/heseconsulting.com\/#website","url":"https:\/\/heseconsulting.com\/","name":"Hese Consulting","description":"","potentialAction":[{"@type":"SearchAction","target":{"@type":"EntryPoint","urlTemplate":"https:\/\/heseconsulting.com\/?s={search_term_string}"},"query-input":"required name=search_term_string"}],"inLanguage":"en-US"}]}},"_links":{"self":[{"href":"https:\/\/heseconsulting.com\/en\/wp-json\/wp\/v2\/pages\/209","targetHints":{"allow":["GET"]}}],"collection":[{"href":"https:\/\/heseconsulting.com\/en\/wp-json\/wp\/v2\/pages"}],"about":[{"href":"https:\/\/heseconsulting.com\/en\/wp-json\/wp\/v2\/types\/page"}],"author":[{"embeddable":true,"href":"https:\/\/heseconsulting.com\/en\/wp-json\/wp\/v2\/users\/1"}],"replies":[{"embeddable":true,"href":"https:\/\/heseconsulting.com\/en\/wp-json\/wp\/v2\/comments?post=209"}],"version-history":[{"count":115,"href":"https:\/\/heseconsulting.com\/en\/wp-json\/wp\/v2\/pages\/209\/revisions"}],"predecessor-version":[{"id":1298,"href":"https:\/\/heseconsulting.com\/en\/wp-json\/wp\/v2\/pages\/209\/revisions\/1298"}],"wp:attachment":[{"href":"https:\/\/heseconsulting.com\/en\/wp-json\/wp\/v2\/media?parent=209"}],"curies":[{"name":"wp","href":"https:\/\/api.w.org\/{rel}","templated":true}]}}